{"id":3405,"date":"2026-02-22T19:31:03","date_gmt":"2026-02-22T18:31:03","guid":{"rendered":"https:\/\/reklamvarazs.hu\/drobina-norbert-kezelesek-hatmasszazs\/"},"modified":"2026-03-27T17:16:55","modified_gmt":"2026-03-27T16:16:55","slug":"kezelesek-hatmasszazs","status":"publish","type":"page","link":"https:\/\/reklamvarazs.hu\/en\/kezelesek-hatmasszazs\/","title":{"rendered":"Back massage"},"content":{"rendered":"\t\t<div data-elementor-type=\"wp-page\" data-elementor-id=\"3405\" class=\"elementor elementor-3405\" data-elementor-post-type=\"page\">\n\t\t\t\t<div class=\"elementor-element elementor-element-fdd9dae e-flex e-con-boxed e-con e-parent\" data-id=\"fdd9dae\" data-element_type=\"container\" data-e-type=\"container\" data-settings=\"{&quot;background_background&quot;:&quot;classic&quot;}\">\n\t\t\t\t\t<div class=\"e-con-inner\">\n\t\t\t\t<div class=\"elementor-element elementor-element-da9e1f3 elementor-widget elementor-widget-text-editor\" data-id=\"da9e1f3\" data-element_type=\"widget\" data-e-type=\"widget\" data-widget_type=\"text-editor.default\">\n\t\t\t\t\t\t\t\t\t<p><span class=\"html-span xexx8yu xyri2b x18d9i69 x1c1uobl x1hl2dhg x16tdsg8 x1vvkbs x3nfvp2 x1j61x8r x1fcty0u xdj266r xat24cr xm2jcoa x1mpyi22 xxymvpz xlup9mm x1kky2od\"><img decoding=\"async\" class=\"xz74otr x15mokao x1ga7v0g x16uus16 xbiv7yw\" src=\"https:\/\/static.xx.fbcdn.net\/images\/emoji.php\/v9\/tf4\/1\/16\/2728.png\" alt=\"\u2728\" width=\"16\" height=\"16\" \/> H\u00c1TMASSZ\u00c1ZS<\/span><\/p>\t\t\t\t\t\t\t\t<\/div>\n\t\t\t\t<div class=\"elementor-element elementor-element-55cc4db elementor-widget elementor-widget-image\" data-id=\"55cc4db\" data-element_type=\"widget\" data-e-type=\"widget\" data-widget_type=\"image.default\">\n\t\t\t\t\t\t\t\t\t\t\t\t\t\t\t<img fetchpriority=\"high\" decoding=\"async\" width=\"683\" height=\"1024\" src=\"https:\/\/reklamvarazs.hu\/wp-content\/uploads\/2026\/03\/hat-683x1024.jpg\" class=\"attachment-large size-large wp-image-4202\" alt=\"\" srcset=\"https:\/\/reklamvarazs.hu\/wp-content\/uploads\/2026\/03\/hat-683x1024.jpg 683w, https:\/\/reklamvarazs.hu\/wp-content\/uploads\/2026\/03\/hat-200x300.jpg 200w, https:\/\/reklamvarazs.hu\/wp-content\/uploads\/2026\/03\/hat-768x1152.jpg 768w, https:\/\/reklamvarazs.hu\/wp-content\/uploads\/2026\/03\/hat-1024x1536.jpg 1024w, https:\/\/reklamvarazs.hu\/wp-content\/uploads\/2026\/03\/hat-1365x2048.jpg 1365w, https:\/\/reklamvarazs.hu\/wp-content\/uploads\/2026\/03\/hat-8x12.jpg 8w, https:\/\/reklamvarazs.hu\/wp-content\/uploads\/2026\/03\/hat-600x900.jpg 600w, https:\/\/reklamvarazs.hu\/wp-content\/uploads\/2026\/03\/hat-scaled.jpg 1707w\" sizes=\"(max-width: 683px) 100vw, 683px\" \/>\t\t\t\t\t\t\t\t\t\t\t\t\t\t\t<\/div>\n\t\t\t\t<div class=\"elementor-element elementor-element-9e090be elementor-widget elementor-widget-text-editor\" data-id=\"9e090be\" data-element_type=\"widget\" data-e-type=\"widget\" data-widget_type=\"text-editor.default\">\n\t\t\t\t\t\t\t\t\t<p>A h\u00e1tmassz\u00e1zs egy n\u00e9pszer\u0171 massz\u00e1zsforma, amely kifejezetten a h\u00e1t ter\u00fclet\u00e9re \u00f6sszpontos\u00edt.<br data-start=\"91\" data-end=\"94\" \/>C\u00e9lja a fesz\u00fclts\u00e9gek old\u00e1sa, az izmok ellaz\u00edt\u00e1sa \u00e9s a v\u00e9rkering\u00e9s jav\u00edt\u00e1sa.<\/p>\t\t\t\t\t\t\t\t<\/div>\n\t\t\t\t<div class=\"elementor-element elementor-element-08b9812 elementor-widget-divider--view-line elementor-widget elementor-widget-divider\" data-id=\"08b9812\" data-element_type=\"widget\" data-e-type=\"widget\" data-widget_type=\"divider.default\">\n\t\t\t\t\t\t\t<div class=\"elementor-divider\">\n\t\t\t<span class=\"elementor-divider-separator\">\n\t\t\t\t\t\t<\/span>\n\t\t<\/div>\n\t\t\t\t\t\t<\/div>\n\t\t\t\t<div class=\"elementor-element elementor-element-9b868bb elementor-widget elementor-widget-text-editor\" data-id=\"9b868bb\" data-element_type=\"widget\" data-e-type=\"widget\" data-widget_type=\"text-editor.default\">\n\t\t\t\t\t\t\t\t\t<div class=\"flex flex-col text-sm pb-25\"><article class=\"text-token-text-primary w-full focus:outline-none [--shadow-height:45px] has-data-writing-block:pointer-events-none has-data-writing-block:-mt-(--shadow-height) has-data-writing-block:pt-(--shadow-height) [&amp;:has([data-writing-block])&gt;*]:pointer-events-auto scroll-mt-[calc(var(--header-height)+min(200px,max(70px,20svh)))]\" dir=\"auto\" tabindex=\"-1\" data-turn-id=\"request-WEB:55e09cc1-9a28-43f3-a207-9bdab80f5686-0\" data-testid=\"conversation-turn-2\" data-scroll-anchor=\"true\" data-turn=\"assistant\"><div class=\"text-base my-auto mx-auto pb-10 [--thread-content-margin:var(--thread-content-margin-xs,calc(var(--spacing)*4))] @w-sm\/main:[--thread-content-margin:var(--thread-content-margin-sm,calc(var(--spacing)*6))] @w-lg\/main:[--thread-content-margin:var(--thread-content-margin-lg,calc(var(--spacing)*16))] px-(--thread-content-margin)\"><div class=\"[--thread-content-max-width:40rem] @w-lg\/main:[--thread-content-max-width:48rem] mx-auto max-w-(--thread-content-max-width) flex-1 group\/turn-messages focus-visible:outline-hidden relative flex w-full min-w-0 flex-col agent-turn\" tabindex=\"-1\"><div class=\"flex max-w-full flex-col gap-4 grow\"><div class=\"min-h-8 text-message relative flex w-full flex-col items-end gap-2 text-start break-words whitespace-normal [.text-message+&amp;]:mt-1\" dir=\"auto\" data-message-author-role=\"assistant\" data-message-id=\"10b0842a-d0c6-46a3-abcb-49bd55d63c06\" data-message-model-slug=\"gpt-5-mini\"><div class=\"flex w-full flex-col gap-1 empty:hidden\"><div class=\"markdown prose dark:prose-invert w-full wrap-break-word light markdown-new-styling\"><p data-start=\"173\" data-end=\"374\">A h\u00e1tmassz\u00e1zs el\u0151nyei:<\/p><p data-start=\"173\" data-end=\"374\"><br data-start=\"195\" data-end=\"198\" \/>\u2022 Fesz\u00fclts\u00e9gold\u00e1s<br data-start=\"213\" data-end=\"216\" data-is-only-node=\"\" \/>\u2022 Izomlaz\u00edt\u00e1s<br data-start=\"227\" data-end=\"230\" \/>\u2022 F\u00e1jdalomcs\u00f6kkent\u00e9s<br data-start=\"248\" data-end=\"251\" \/>\u2022 V\u00e9rkering\u00e9s jav\u00edt\u00e1sa<br data-start=\"271\" data-end=\"274\" \/>\u2022 Rugalmass\u00e1g n\u00f6vel\u00e9se<br data-start=\"294\" data-end=\"297\" \/>\u2022 Alv\u00e1smin\u0151s\u00e9g jav\u00edt\u00e1sa<br data-start=\"318\" data-end=\"321\" \/>\u2022 Jobb testtart\u00e1s<br data-start=\"336\" data-end=\"339\" \/>\u2022 Ment\u00e1lis j\u00f3l\u00e9t<br data-start=\"353\" data-end=\"356\" \/>\u2022 Energia n\u00f6vel\u00e9se<\/p><p data-start=\"376\" data-end=\"392\" data-is-last-node=\"\" data-is-only-node=\"\">40&#8242;<br data-start=\"379\" data-end=\"382\" \/>10 500 huf<\/p><\/div><\/div><\/div><\/div><\/div><\/div><\/article><\/div>\t\t\t\t\t\t\t\t<\/div>\n\t\t\t\t<div class=\"elementor-element elementor-element-d0d9f48 elementor-align-center elementor-mobile-align-justify elementor-widget elementor-widget-button\" data-id=\"d0d9f48\" data-element_type=\"widget\" data-e-type=\"widget\" data-widget_type=\"button.default\">\n\t\t\t\t\t\t\t\t\t\t<a class=\"elementor-button elementor-button-link elementor-size-lg\" href=\"\/termek\/hatmasszazs-ajandekutalvany\/\">\n\t\t\t\t\t\t<span class=\"elementor-button-content-wrapper\">\n\t\t\t\t\t\t\t\t\t<span class=\"elementor-button-text\">V\u00e1s\u00e1rolj aj\u00e1nd\u00e9kutalv\u00e1nyt<\/span>\n\t\t\t\t\t<\/span>\n\t\t\t\t\t<\/a>\n\t\t\t\t\t\t\t\t<\/div>\n\t\t\t\t<div class=\"elementor-element elementor-element-3784c1e elementor-align-center elementor-mobile-align-justify elementor-widget elementor-widget-button\" data-id=\"3784c1e\" data-element_type=\"widget\" data-e-type=\"widget\" data-widget_type=\"button.default\">\n\t\t\t\t\t\t\t\t\t\t<a class=\"elementor-button elementor-button-link elementor-size-lg\" href=\"\/kapcsolat\">\n\t\t\t\t\t\t<span class=\"elementor-button-content-wrapper\">\n\t\t\t\t\t\t\t\t\t<span class=\"elementor-button-text\">Foglalj id\u0151pontot m\u00e9g ma<\/span>\n\t\t\t\t\t<\/span>\n\t\t\t\t\t<\/a>\n\t\t\t\t\t\t\t\t<\/div>\n\t\t\t\t<div class=\"elementor-element elementor-element-7ed93c9 elementor-icon-list--layout-inline elementor-align-center elementor-mobile-align-center elementor-list-item-link-full_width elementor-widget elementor-widget-icon-list\" data-id=\"7ed93c9\" data-element_type=\"widget\" data-e-type=\"widget\" data-widget_type=\"icon-list.default\">\n\t\t\t\t\t\t\t<ul class=\"elementor-icon-list-items elementor-inline-items\">\n\t\t\t\t\t\t\t<li class=\"elementor-icon-list-item elementor-inline-item\">\n\t\t\t\t\t\t\t\t\t\t\t<span class=\"elementor-icon-list-icon\">\n\t\t\t\t\t\t\t<svg aria-hidden=\"true\" class=\"e-font-icon-svg e-fas-phone\" viewBox=\"0 0 512 512\" xmlns=\"http:\/\/www.w3.org\/2000\/svg\"><path d=\"M493.4 24.6l-104-24c-11.3-2.6-22.9 3.3-27.5 13.9l-48 112c-4.2 9.8-1.4 21.3 6.9 28l60.6 49.6c-36 76.7-98.9 140.5-177.2 177.2l-49.6-60.6c-6.8-8.3-18.2-11.1-28-6.9l-112 48C3.9 366.5-2 378.1.6 389.4l24 104C27.1 504.2 36.7 512 48 512c256.1 0 464-207.5 464-464 0-11.2-7.7-20.9-18.6-23.4z\"><\/path><\/svg>\t\t\t\t\t\t<\/span>\n\t\t\t\t\t\t\t\t\t\t<span class=\"elementor-icon-list-text\">+3670\/609-6040<\/span>\n\t\t\t\t\t\t\t\t\t<\/li>\n\t\t\t\t\t\t\t\t<li class=\"elementor-icon-list-item elementor-inline-item\">\n\t\t\t\t\t\t\t\t\t\t\t<span class=\"elementor-icon-list-icon\">\n\t\t\t\t\t\t\t<svg aria-hidden=\"true\" class=\"e-font-icon-svg e-fas-envelope\" viewBox=\"0 0 512 512\" xmlns=\"http:\/\/www.w3.org\/2000\/svg\"><path d=\"M502.3 190.8c3.9-3.1 9.7-.2 9.7 4.7V400c0 26.5-21.5 48-48 48H48c-26.5 0-48-21.5-48-48V195.6c0-5 5.7-7.8 9.7-4.7 22.4 17.4 52.1 39.5 154.1 113.6 21.1 15.4 56.7 47.8 92.2 47.6 35.7.3 72-32.8 92.3-47.6 102-74.1 131.6-96.3 154-113.7zM256 320c23.2.4 56.6-29.2 73.4-41.4 132.7-96.3 142.8-104.7 173.4-128.7 5.8-4.5 9.2-11.5 9.2-18.9v-19c0-26.5-21.5-48-48-48H48C21.5 64 0 85.5 0 112v19c0 7.4 3.4 14.3 9.2 18.9 30.6 23.9 40.7 32.4 173.4 128.7 16.8 12.2 50.2 41.8 73.4 41.4z\"><\/path><\/svg>\t\t\t\t\t\t<\/span>\n\t\t\t\t\t\t\t\t\t\t<span class=\"elementor-icon-list-text\">drobinafit@gmail.com<\/span>\n\t\t\t\t\t\t\t\t\t<\/li>\n\t\t\t\t\t\t<\/ul>\n\t\t\t\t\t\t<\/div>\n\t\t\t\t<div class=\"elementor-element elementor-element-526b747 elementor-icon-list--layout-inline elementor-align-center elementor-mobile-align-center elementor-list-item-link-full_width elementor-widget elementor-widget-icon-list\" data-id=\"526b747\" data-element_type=\"widget\" data-e-type=\"widget\" data-widget_type=\"icon-list.default\">\n\t\t\t\t\t\t\t<ul class=\"elementor-icon-list-items elementor-inline-items\">\n\t\t\t\t\t\t\t<li class=\"elementor-icon-list-item elementor-inline-item\">\n\t\t\t\t\t\t\t\t\t\t\t<a href=\"https:\/\/www.facebook.com\/drobina.norbert\/\" target=\"_blank\">\n\n\t\t\t\t\t\t\t\t\t\t\t\t<span class=\"elementor-icon-list-icon\">\n\t\t\t\t\t\t\t<svg aria-hidden=\"true\" class=\"e-font-icon-svg e-fab-facebook-f\" viewBox=\"0 0 320 512\" xmlns=\"http:\/\/www.w3.org\/2000\/svg\"><path d=\"M279.14 288l14.22-92.66h-88.91v-60.13c0-25.35 12.42-50.06 52.24-50.06h40.42V6.26S260.43 0 225.36 0c-73.22 0-121.08 44.38-121.08 124.72v70.62H22.89V288h81.39v224h100.17V288z\"><\/path><\/svg>\t\t\t\t\t\t<\/span>\n\t\t\t\t\t\t\t\t\t\t<span class=\"elementor-icon-list-text\">@drobina.norbert<\/span>\n\t\t\t\t\t\t\t\t\t\t\t<\/a>\n\t\t\t\t\t\t\t\t\t<\/li>\n\t\t\t\t\t\t\t\t<li class=\"elementor-icon-list-item elementor-inline-item\">\n\t\t\t\t\t\t\t\t\t\t\t<a href=\"https:\/\/www.instagram.com\/drobinanorbert\" target=\"_blank\">\n\n\t\t\t\t\t\t\t\t\t\t\t\t<span class=\"elementor-icon-list-icon\">\n\t\t\t\t\t\t\t<svg aria-hidden=\"true\" class=\"e-font-icon-svg e-fab-instagram\" viewBox=\"0 0 448 512\" xmlns=\"http:\/\/www.w3.org\/2000\/svg\"><path d=\"M224.1 141c-63.6 0-114.9 51.3-114.9 114.9s51.3 114.9 114.9 114.9S339 319.5 339 255.9 287.7 141 224.1 141zm0 189.6c-41.1 0-74.7-33.5-74.7-74.7s33.5-74.7 74.7-74.7 74.7 33.5 74.7 74.7-33.6 74.7-74.7 74.7zm146.4-194.3c0 14.9-12 26.8-26.8 26.8-14.9 0-26.8-12-26.8-26.8s12-26.8 26.8-26.8 26.8 12 26.8 26.8zm76.1 27.2c-1.7-35.9-9.9-67.7-36.2-93.9-26.2-26.2-58-34.4-93.9-36.2-37-2.1-147.9-2.1-184.9 0-35.8 1.7-67.6 9.9-93.9 36.1s-34.4 58-36.2 93.9c-2.1 37-2.1 147.9 0 184.9 1.7 35.9 9.9 67.7 36.2 93.9s58 34.4 93.9 36.2c37 2.1 147.9 2.1 184.9 0 35.9-1.7 67.7-9.9 93.9-36.2 26.2-26.2 34.4-58 36.2-93.9 2.1-37 2.1-147.8 0-184.8zM398.8 388c-7.8 19.6-22.9 34.7-42.6 42.6-29.5 11.7-99.5 9-132.1 9s-102.7 2.6-132.1-9c-19.6-7.8-34.7-22.9-42.6-42.6-11.7-29.5-9-99.5-9-132.1s-2.6-102.7 9-132.1c7.8-19.6 22.9-34.7 42.6-42.6 29.5-11.7 99.5-9 132.1-9s102.7-2.6 132.1 9c19.6 7.8 34.7 22.9 42.6 42.6 11.7 29.5 9 99.5 9 132.1s2.7 102.7-9 132.1z\"><\/path><\/svg>\t\t\t\t\t\t<\/span>\n\t\t\t\t\t\t\t\t\t\t<span class=\"elementor-icon-list-text\">@drobinanorbert<\/span>\n\t\t\t\t\t\t\t\t\t\t\t<\/a>\n\t\t\t\t\t\t\t\t\t<\/li>\n\t\t\t\t\t\t<\/ul>\n\t\t\t\t\t\t<\/div>\n\t\t\t\t\t<\/div>\n\t\t\t\t<\/div>\n\t\t\t\t<\/div>\n\t\t","protected":false},"excerpt":{"rendered":"<p>H\u00c1TMASSZ\u00c1ZS A h\u00e1tmassz\u00e1zs egy n\u00e9pszer\u0171 massz\u00e1zsforma, amely kifejezetten a h\u00e1t ter\u00fclet\u00e9re \u00f6sszpontos\u00edt.C\u00e9lja a fesz\u00fclts\u00e9gek old\u00e1sa, az izmok ellaz\u00edt\u00e1sa \u00e9s a v\u00e9rkering\u00e9s jav\u00edt\u00e1sa. A h\u00e1tmassz\u00e1zs el\u0151nyei: \u2022 Fesz\u00fclts\u00e9gold\u00e1s\u2022 Izomlaz\u00edt\u00e1s\u2022 F\u00e1jdalomcs\u00f6kkent\u00e9s\u2022 V\u00e9rkering\u00e9s jav\u00edt\u00e1sa\u2022 Rugalmass\u00e1g n\u00f6vel\u00e9se\u2022 Alv\u00e1smin\u0151s\u00e9g jav\u00edt\u00e1sa\u2022 Jobb testtart\u00e1s\u2022 Ment\u00e1lis j\u00f3l\u00e9t\u2022 Energia n\u00f6vel\u00e9se 40&#8242;10 500 huf V\u00e1s\u00e1rolj aj\u00e1nd\u00e9kutalv\u00e1nyt Foglalj id\u0151pontot m\u00e9g ma +3670\/609-6040 drobinafit@gmail.com @drobina.norbert @drobinanorbert<\/p>","protected":false},"author":1,"featured_media":2766,"parent":0,"menu_order":0,"comment_status":"closed","ping_status":"closed","template":"elementor_header_footer","meta":{"footnotes":""},"class_list":["post-3405","page","type-page","status-publish","has-post-thumbnail","hentry"],"yoast_head":"<!-- This site is optimized with the Yoast SEO Premium plugin v27.0 (Yoast SEO v27.2) - https:\/\/yoast.com\/product\/yoast-seo-premium-wordpress\/ -->\n<title>H\u00e1tmassz\u00e1zs -<\/title>\n<meta name=\"robots\" content=\"noindex, follow, max-snippet:-1, max-image-preview:large, max-video-preview:-1\" \/>\n<meta property=\"og:locale\" content=\"en_GB\" \/>\n<meta property=\"og:type\" content=\"article\" \/>\n<meta property=\"og:title\" content=\"H\u00e1tmassz\u00e1zs\" \/>\n<meta property=\"og:description\" content=\"H\u00c1TMASSZ\u00c1ZS A h\u00e1tmassz\u00e1zs egy n\u00e9pszer\u0171 massz\u00e1zsforma, amely kifejezetten a h\u00e1t ter\u00fclet\u00e9re \u00f6sszpontos\u00edt.C\u00e9lja a fesz\u00fclts\u00e9gek old\u00e1sa, az izmok ellaz\u00edt\u00e1sa \u00e9s a v\u00e9rkering\u00e9s jav\u00edt\u00e1sa. A h\u00e1tmassz\u00e1zs el\u0151nyei: \u2022 Fesz\u00fclts\u00e9gold\u00e1s\u2022 Izomlaz\u00edt\u00e1s\u2022 F\u00e1jdalomcs\u00f6kkent\u00e9s\u2022 V\u00e9rkering\u00e9s jav\u00edt\u00e1sa\u2022 Rugalmass\u00e1g n\u00f6vel\u00e9se\u2022 Alv\u00e1smin\u0151s\u00e9g jav\u00edt\u00e1sa\u2022 Jobb testtart\u00e1s\u2022 Ment\u00e1lis j\u00f3l\u00e9t\u2022 Energia n\u00f6vel\u00e9se 40&#8242;10 500 huf V\u00e1s\u00e1rolj aj\u00e1nd\u00e9kutalv\u00e1nyt Foglalj id\u0151pontot m\u00e9g ma +3670\/609-6040 drobinafit@gmail.com @drobina.norbert @drobinanorbert\" \/>\n<meta property=\"og:url\" content=\"https:\/\/reklamvarazs.hu\/en\/kezelesek-hatmasszazs\/\" \/>\n<meta property=\"article:modified_time\" content=\"2026-03-27T16:16:55+00:00\" \/>\n<meta property=\"og:image\" content=\"https:\/\/reklamvarazs.hu\/wp-content\/uploads\/2026\/01\/44605-scaled.jpg\" \/>\n\t<meta property=\"og:image:width\" content=\"2560\" \/>\n\t<meta property=\"og:image:height\" content=\"1707\" \/>\n\t<meta property=\"og:image:type\" content=\"image\/jpeg\" \/>\n<meta name=\"twitter:card\" content=\"summary_large_image\" \/>\n<meta name=\"twitter:image\" content=\"https:\/\/reklamvarazs.hu\/wp-content\/uploads\/2026\/01\/6346346-scaled.jpg\" \/>\n<meta name=\"twitter:label1\" content=\"Estimated reading time\" \/>\n\t<meta name=\"twitter:data1\" content=\"1 minute\" \/>\n<script type=\"application\/ld+json\" class=\"yoast-schema-graph\">{\"@context\":\"https:\/\/schema.org\",\"@graph\":[{\"@type\":\"WebPage\",\"@id\":\"https:\/\/reklamvarazs.hu\/kezelesek-hatmasszazs\/\",\"url\":\"https:\/\/reklamvarazs.hu\/kezelesek-hatmasszazs\/\",\"name\":\"H\u00e1tmassz\u00e1zs -\",\"isPartOf\":{\"@id\":\"https:\/\/reklamvarazs.hu\/#website\"},\"primaryImageOfPage\":{\"@id\":\"https:\/\/reklamvarazs.hu\/kezelesek-hatmasszazs\/#primaryimage\"},\"image\":{\"@id\":\"https:\/\/reklamvarazs.hu\/kezelesek-hatmasszazs\/#primaryimage\"},\"thumbnailUrl\":\"https:\/\/reklamvarazs.hu\/wp-content\/uploads\/2026\/02\/34705.png\",\"datePublished\":\"2026-02-22T18:31:03+00:00\",\"dateModified\":\"2026-03-27T16:16:55+00:00\",\"breadcrumb\":{\"@id\":\"https:\/\/reklamvarazs.hu\/kezelesek-hatmasszazs\/#breadcrumb\"},\"inLanguage\":\"en-GB\",\"potentialAction\":[{\"@type\":\"ReadAction\",\"target\":[\"https:\/\/reklamvarazs.hu\/kezelesek-hatmasszazs\/\"]}]},{\"@type\":\"ImageObject\",\"inLanguage\":\"en-GB\",\"@id\":\"https:\/\/reklamvarazs.hu\/kezelesek-hatmasszazs\/#primaryimage\",\"url\":\"https:\/\/reklamvarazs.hu\/wp-content\/uploads\/2026\/02\/34705.png\",\"contentUrl\":\"https:\/\/reklamvarazs.hu\/wp-content\/uploads\/2026\/02\/34705.png\",\"width\":1379,\"height\":746},{\"@type\":\"BreadcrumbList\",\"@id\":\"https:\/\/reklamvarazs.hu\/kezelesek-hatmasszazs\/#breadcrumb\",\"itemListElement\":[{\"@type\":\"ListItem\",\"position\":1,\"name\":\"Kezd\u0151lap\",\"item\":\"https:\/\/reklamvarazs.hu\/\"},{\"@type\":\"ListItem\",\"position\":2,\"name\":\"H\u00e1tmassz\u00e1zs\"}]},{\"@type\":\"WebSite\",\"@id\":\"https:\/\/reklamvarazs.hu\/#website\",\"url\":\"https:\/\/reklamvarazs.hu\/\",\"name\":\"\",\"description\":\"\",\"potentialAction\":[{\"@type\":\"SearchAction\",\"target\":{\"@type\":\"EntryPoint\",\"urlTemplate\":\"https:\/\/reklamvarazs.hu\/?s={search_term_string}\"},\"query-input\":{\"@type\":\"PropertyValueSpecification\",\"valueRequired\":true,\"valueName\":\"search_term_string\"}}],\"inLanguage\":\"en-GB\"}]}<\/script>\n<!-- \/ Yoast SEO Premium plugin. -->","yoast_head_json":{"title":"H\u00e1tmassz\u00e1zs -","robots":{"index":"noindex","follow":"follow","max-snippet":"max-snippet:-1","max-image-preview":"max-image-preview:large","max-video-preview":"max-video-preview:-1"},"og_locale":"en_GB","og_type":"article","og_title":"H\u00e1tmassz\u00e1zs","og_description":"H\u00c1TMASSZ\u00c1ZS A h\u00e1tmassz\u00e1zs egy n\u00e9pszer\u0171 massz\u00e1zsforma, amely kifejezetten a h\u00e1t ter\u00fclet\u00e9re \u00f6sszpontos\u00edt.C\u00e9lja a fesz\u00fclts\u00e9gek old\u00e1sa, az izmok ellaz\u00edt\u00e1sa \u00e9s a v\u00e9rkering\u00e9s jav\u00edt\u00e1sa. A h\u00e1tmassz\u00e1zs el\u0151nyei: \u2022 Fesz\u00fclts\u00e9gold\u00e1s\u2022 Izomlaz\u00edt\u00e1s\u2022 F\u00e1jdalomcs\u00f6kkent\u00e9s\u2022 V\u00e9rkering\u00e9s jav\u00edt\u00e1sa\u2022 Rugalmass\u00e1g n\u00f6vel\u00e9se\u2022 Alv\u00e1smin\u0151s\u00e9g jav\u00edt\u00e1sa\u2022 Jobb testtart\u00e1s\u2022 Ment\u00e1lis j\u00f3l\u00e9t\u2022 Energia n\u00f6vel\u00e9se 40&#8242;10 500 huf V\u00e1s\u00e1rolj aj\u00e1nd\u00e9kutalv\u00e1nyt Foglalj id\u0151pontot m\u00e9g ma +3670\/609-6040 drobinafit@gmail.com @drobina.norbert @drobinanorbert","og_url":"https:\/\/reklamvarazs.hu\/en\/kezelesek-hatmasszazs\/","article_modified_time":"2026-03-27T16:16:55+00:00","og_image":[{"width":2560,"height":1707,"url":"https:\/\/reklamvarazs.hu\/wp-content\/uploads\/2026\/01\/44605-scaled.jpg","type":"image\/jpeg"}],"twitter_card":"summary_large_image","twitter_image":"https:\/\/reklamvarazs.hu\/wp-content\/uploads\/2026\/01\/6346346-scaled.jpg","twitter_misc":{"Estimated reading time":"1 minute"},"schema":{"@context":"https:\/\/schema.org","@graph":[{"@type":"WebPage","@id":"https:\/\/reklamvarazs.hu\/kezelesek-hatmasszazs\/","url":"https:\/\/reklamvarazs.hu\/kezelesek-hatmasszazs\/","name":"H\u00e1tmassz\u00e1zs -","isPartOf":{"@id":"https:\/\/reklamvarazs.hu\/#website"},"primaryImageOfPage":{"@id":"https:\/\/reklamvarazs.hu\/kezelesek-hatmasszazs\/#primaryimage"},"image":{"@id":"https:\/\/reklamvarazs.hu\/kezelesek-hatmasszazs\/#primaryimage"},"thumbnailUrl":"https:\/\/reklamvarazs.hu\/wp-content\/uploads\/2026\/02\/34705.png","datePublished":"2026-02-22T18:31:03+00:00","dateModified":"2026-03-27T16:16:55+00:00","breadcrumb":{"@id":"https:\/\/reklamvarazs.hu\/kezelesek-hatmasszazs\/#breadcrumb"},"inLanguage":"en-GB","potentialAction":[{"@type":"ReadAction","target":["https:\/\/reklamvarazs.hu\/kezelesek-hatmasszazs\/"]}]},{"@type":"ImageObject","inLanguage":"en-GB","@id":"https:\/\/reklamvarazs.hu\/kezelesek-hatmasszazs\/#primaryimage","url":"https:\/\/reklamvarazs.hu\/wp-content\/uploads\/2026\/02\/34705.png","contentUrl":"https:\/\/reklamvarazs.hu\/wp-content\/uploads\/2026\/02\/34705.png","width":1379,"height":746},{"@type":"BreadcrumbList","@id":"https:\/\/reklamvarazs.hu\/kezelesek-hatmasszazs\/#breadcrumb","itemListElement":[{"@type":"ListItem","position":1,"name":"Kezd\u0151lap","item":"https:\/\/reklamvarazs.hu\/"},{"@type":"ListItem","position":2,"name":"H\u00e1tmassz\u00e1zs"}]},{"@type":"WebSite","@id":"https:\/\/reklamvarazs.hu\/#website","url":"https:\/\/reklamvarazs.hu\/","name":"","description":"","potentialAction":[{"@type":"SearchAction","target":{"@type":"EntryPoint","urlTemplate":"https:\/\/reklamvarazs.hu\/?s={search_term_string}"},"query-input":{"@type":"PropertyValueSpecification","valueRequired":true,"valueName":"search_term_string"}}],"inLanguage":"en-GB"}]}},"_links":{"self":[{"href":"https:\/\/reklamvarazs.hu\/en\/wp-json\/wp\/v2\/pages\/3405","targetHints":{"allow":["GET"]}}],"collection":[{"href":"https:\/\/reklamvarazs.hu\/en\/wp-json\/wp\/v2\/pages"}],"about":[{"href":"https:\/\/reklamvarazs.hu\/en\/wp-json\/wp\/v2\/types\/page"}],"author":[{"embeddable":true,"href":"https:\/\/reklamvarazs.hu\/en\/wp-json\/wp\/v2\/users\/1"}],"replies":[{"embeddable":true,"href":"https:\/\/reklamvarazs.hu\/en\/wp-json\/wp\/v2\/comments?post=3405"}],"version-history":[{"count":75,"href":"https:\/\/reklamvarazs.hu\/en\/wp-json\/wp\/v2\/pages\/3405\/revisions"}],"predecessor-version":[{"id":5416,"href":"https:\/\/reklamvarazs.hu\/en\/wp-json\/wp\/v2\/pages\/3405\/revisions\/5416"}],"wp:featuredmedia":[{"embeddable":true,"href":"https:\/\/reklamvarazs.hu\/en\/wp-json\/wp\/v2\/media\/2766"}],"wp:attachment":[{"href":"https:\/\/reklamvarazs.hu\/en\/wp-json\/wp\/v2\/media?parent=3405"}],"curies":[{"name":"wp","href":"https:\/\/api.w.org\/{rel}","templated":true}]}}