{"id":3436,"date":"2026-02-22T19:53:00","date_gmt":"2026-02-22T18:53:00","guid":{"rendered":"https:\/\/reklamvarazs.hu\/drobina-norbert-kezelesek-sportmasszzs\/"},"modified":"2026-03-27T17:10:47","modified_gmt":"2026-03-27T16:10:47","slug":"kezelesek-sportmasszzs","status":"publish","type":"page","link":"https:\/\/reklamvarazs.hu\/en\/kezelesek-sportmasszzs\/","title":{"rendered":"Sports massage"},"content":{"rendered":"<div data-elementor-type=\"wp-page\" data-elementor-id=\"3436\" class=\"elementor elementor-3436\" data-elementor-post-type=\"page\">\n\t\t\t\t<div class=\"elementor-element elementor-element-fdd9dae e-flex e-con-boxed e-con e-parent\" data-id=\"fdd9dae\" data-element_type=\"container\" data-e-type=\"container\" data-settings=\"{&quot;background_background&quot;:&quot;classic&quot;}\">\n\t\t\t\t\t<div class=\"e-con-inner\">\n\t\t\t\t<div class=\"elementor-element elementor-element-da9e1f3 elementor-widget elementor-widget-text-editor\" data-id=\"da9e1f3\" data-element_type=\"widget\" data-e-type=\"widget\" data-widget_type=\"text-editor.default\">\n\t\t\t\t\t\t\t\t\t<p><span class=\"html-span xexx8yu xyri2b x18d9i69 x1c1uobl x1hl2dhg x16tdsg8 x1vvkbs x3nfvp2 x1j61x8r x1fcty0u xdj266r xat24cr xm2jcoa x1mpyi22 xxymvpz xlup9mm x1kky2od\"><img decoding=\"async\" class=\"xz74otr x15mokao x1ga7v0g x16uus16 xbiv7yw\" src=\"https:\/\/static.xx.fbcdn.net\/images\/emoji.php\/v9\/tf4\/1\/16\/2728.png\" alt=\"\u2728\" width=\"16\" height=\"16\" \/> Sports massage<\/span><\/p>\t\t\t\t\t\t\t\t<\/div>\n\t\t\t\t<div class=\"elementor-element elementor-element-55cc4db elementor-widget elementor-widget-image\" data-id=\"55cc4db\" data-element_type=\"widget\" data-e-type=\"widget\" data-widget_type=\"image.default\">\n\t\t\t\t\t\t\t\t\t\t\t\t\t\t\t<img fetchpriority=\"high\" decoding=\"async\" width=\"683\" height=\"1024\" src=\"https:\/\/reklamvarazs.hu\/wp-content\/uploads\/2026\/03\/sport_-683x1024.jpg\" class=\"attachment-large size-large wp-image-4219\" alt=\"\" srcset=\"https:\/\/reklamvarazs.hu\/wp-content\/uploads\/2026\/03\/sport_-683x1024.jpg 683w, https:\/\/reklamvarazs.hu\/wp-content\/uploads\/2026\/03\/sport_-200x300.jpg 200w, https:\/\/reklamvarazs.hu\/wp-content\/uploads\/2026\/03\/sport_-768x1152.jpg 768w, https:\/\/reklamvarazs.hu\/wp-content\/uploads\/2026\/03\/sport_-1024x1536.jpg 1024w, https:\/\/reklamvarazs.hu\/wp-content\/uploads\/2026\/03\/sport_-1365x2048.jpg 1365w, https:\/\/reklamvarazs.hu\/wp-content\/uploads\/2026\/03\/sport_-8x12.jpg 8w, https:\/\/reklamvarazs.hu\/wp-content\/uploads\/2026\/03\/sport_-600x900.jpg 600w, https:\/\/reklamvarazs.hu\/wp-content\/uploads\/2026\/03\/sport_-scaled.jpg 1707w\" sizes=\"(max-width: 683px) 100vw, 683px\" \/>\t\t\t\t\t\t\t\t\t\t\t\t\t\t\t<\/div>\n\t\t\t\t<div class=\"elementor-element elementor-element-9e090be elementor-widget elementor-widget-text-editor\" data-id=\"9e090be\" data-element_type=\"widget\" data-e-type=\"widget\" data-widget_type=\"text-editor.default\">\n\t\t\t\t\t\t\t\t\t<p>Sports massage is a specific form of massage that focuses on improving sports performance,<br data-start=\"92\" data-end=\"95\" \/>preparation before training and competitions, and recovery and rehabilitation after training.<br data-start=\"209\" data-end=\"212\" \/>Sports massage is generally intended for athletes and active people who engage in intense physical activity.<br data-start=\"329\" data-end=\"332\" \/>It is similar to Swedish massage in many of its movements, but is a much more intensive and vigorous treatment.<\/p>\t\t\t\t\t\t\t\t<\/div>\n\t\t\t\t<div class=\"elementor-element elementor-element-08b9812 elementor-widget-divider--view-line elementor-widget elementor-widget-divider\" data-id=\"08b9812\" data-element_type=\"widget\" data-e-type=\"widget\" data-widget_type=\"divider.default\">\n\t\t\t\t\t\t\t<div class=\"elementor-divider\">\n\t\t\t<span class=\"elementor-divider-separator\">\n\t\t\t\t\t\t<\/span>\n\t\t<\/div>\n\t\t\t\t\t\t<\/div>\n\t\t\t\t<div class=\"elementor-element elementor-element-9b868bb elementor-widget elementor-widget-text-editor\" data-id=\"9b868bb\" data-element_type=\"widget\" data-e-type=\"widget\" data-widget_type=\"text-editor.default\">\n\t\t\t\t\t\t\t\t\t<p data-start=\"0\" data-end=\"39\">The benefits of sports massage include:<\/p><p data-start=\"41\" data-end=\"165\">\u2022 Muscle relaxation and tension relief<br data-start=\"71\" data-end=\"74\" \/>\u2022 Muscle regeneration and healing<br data-start=\"102\" data-end=\"105\" \/>\u2022 Performance enhancement<br data-start=\"124\" data-end=\"127\" \/>\u2022 Injury prevention<br data-start=\"143\" data-end=\"146\" \/>\u2022 Stress reduction<\/p><p data-start=\"167\" data-end=\"255\">Sports massage is widely used to\nTreat the following health problems:<\/p><p data-start=\"257\" data-end=\"512\">\u2022 Muscle tension and muscle spasms<br data-start=\"286\" data-end=\"289\" \/>\u2022 Sports injuries such as strains, sprains or bruises<br data-start=\"349\" data-end=\"352\" \/>\u2022 Izoml\u00e1z \u00e9s t\u00faler\u0151ltet\u00e9s<br data-start=\"375\" data-end=\"378\" \/>\u2022 Musculoskeletal problems such as joint stiffness or limited mobility<br data-start=\"456\" data-end=\"459\" \/>\u2022 Treatment of recurrent injuries and chronic pain<\/p><p data-start=\"514\" data-end=\"618\" data-is-last-node=\"\" data-is-only-node=\"\">I often complement my sports massage treatments with the use of an acupressure mat and fascia relaxing knife.<\/p>\t\t\t\t\t\t\t\t<\/div>\n\t\t<div class=\"elementor-element elementor-element-f972868 e-con-full e-flex e-con e-child\" data-id=\"f972868\" data-element_type=\"container\" data-e-type=\"container\">\n\t\t<div class=\"elementor-element elementor-element-2847cd0 e-con-full e-flex e-con e-child\" data-id=\"2847cd0\" data-element_type=\"container\" data-e-type=\"container\">\n\t\t\t\t<div class=\"elementor-element elementor-element-daba5eb elementor-widget elementor-widget-text-editor\" data-id=\"daba5eb\" data-element_type=\"widget\" data-e-type=\"widget\" data-widget_type=\"text-editor.default\">\n\t\t\t\t\t\t\t\t\t<p data-start=\"0\" data-end=\"356\" class=\"translation-block\">Acupressure mattresses are mattresses that place ergonomic pressure points at different points, designed to stimulate acupressure points on the body. This stimulation can help improve the body's energy flow, release tension and blockages, and stimulate the body's natural healing mechanisms.<\/p><p data-start=\"358\" data-end=\"439\">Benefits of using acupressure mats may include:<\/p><p data-start=\"441\" data-end=\"506\" data-is-last-node=\"\" data-is-only-node=\"\">Reducing stress<br data-start=\"460\" data-end=\"463\" \/>\u2022 Pain relief<br data-start=\"482\" data-end=\"485\" data-is-only-node=\"\" \/>\u2022 Improve sleep quality<\/p>\t\t\t\t\t\t\t\t<\/div>\n\t\t\t\t<\/div>\n\t\t<div class=\"elementor-element elementor-element-1fff711 e-con-full e-flex e-con e-child\" data-id=\"1fff711\" data-element_type=\"container\" data-e-type=\"container\">\n\t\t\t\t<div class=\"elementor-element elementor-element-ba70094 elementor-widget elementor-widget-text-editor\" data-id=\"ba70094\" data-element_type=\"widget\" data-e-type=\"widget\" data-widget_type=\"text-editor.default\">\n\t\t\t\t\t\t\t\t\t<p data-start=\"0\" data-end=\"241\" class=\"translation-block\">A fascia relaxer knife is a tool used to treat muscles and connective tissues. The connective tissues are called fascia, which envelop the muscles and other tissues, helping to keep the body as a whole stable and mobile.<\/p><p data-start=\"243\" data-end=\"288\">The benefits of a fascia relaxing knife include:<\/p><p data-start=\"290\" data-end=\"392\" data-is-last-node=\"\" data-is-only-node=\"\">\u2022 Relieving tension and pain<br data-start=\"322\" data-end=\"325\" \/>\u2022 Increase range of motion<br data-start=\"349\" data-end=\"352\" data-is-only-node=\"\" \/>\u2022 Injury management<br data-start=\"370\" data-end=\"373\" \/>\u2022 Performance enhancement<\/p>\t\t\t\t\t\t\t\t<\/div>\n\t\t\t\t<\/div>\n\t\t\t\t<\/div>\n\t\t\t\t<div class=\"elementor-element elementor-element-d00d92c elementor-widget elementor-widget-text-editor\" data-id=\"d00d92c\" data-element_type=\"widget\" data-e-type=\"widget\" data-widget_type=\"text-editor.default\">\n\t\t\t\t\t\t\t\t\t<p>15 000 HUF<\/p>\t\t\t\t\t\t\t\t<\/div>\n\t\t\t\t<div class=\"elementor-element elementor-element-f203a33 elementor-align-center elementor-mobile-align-justify elementor-widget elementor-widget-button\" data-id=\"f203a33\" data-element_type=\"widget\" data-e-type=\"widget\" data-widget_type=\"button.default\">\n\t\t\t\t\t\t\t\t\t\t<a class=\"elementor-button elementor-button-link elementor-size-lg\" href=\"\/en\/product\/sportmasszazs-ajandekutalvany\/\">\n\t\t\t\t\t\t<span class=\"elementor-button-content-wrapper\">\n\t\t\t\t\t\t\t\t\t<span class=\"elementor-button-text\">Purchase a gift card<\/span>\n\t\t\t\t\t<\/span>\n\t\t\t\t\t<\/a>\n\t\t\t\t\t\t\t\t<\/div>\n\t\t\t\t<div class=\"elementor-element elementor-element-c533ad7 elementor-align-center elementor-mobile-align-justify elementor-widget elementor-widget-button\" data-id=\"c533ad7\" data-element_type=\"widget\" data-e-type=\"widget\" data-widget_type=\"button.default\">\n\t\t\t\t\t\t\t\t\t\t<a class=\"elementor-button elementor-button-link elementor-size-lg\" href=\"\/en\/kapcsolat\/\">\n\t\t\t\t\t\t<span class=\"elementor-button-content-wrapper\">\n\t\t\t\t\t\t\t\t\t<span class=\"elementor-button-text\">Book an appointment today<\/span>\n\t\t\t\t\t<\/span>\n\t\t\t\t\t<\/a>\n\t\t\t\t\t\t\t\t<\/div>\n\t\t\t\t<div class=\"elementor-element elementor-element-7ed93c9 elementor-icon-list--layout-inline elementor-align-center elementor-mobile-align-center elementor-list-item-link-full_width elementor-widget elementor-widget-icon-list\" data-id=\"7ed93c9\" data-element_type=\"widget\" data-e-type=\"widget\" data-widget_type=\"icon-list.default\">\n\t\t\t\t\t\t\t<ul class=\"elementor-icon-list-items elementor-inline-items\">\n\t\t\t\t\t\t\t<li class=\"elementor-icon-list-item elementor-inline-item\">\n\t\t\t\t\t\t\t\t\t\t\t<span class=\"elementor-icon-list-icon\">\n\t\t\t\t\t\t\t<svg aria-hidden=\"true\" class=\"e-font-icon-svg e-fas-phone\" viewbox=\"0 0 512 512\" xmlns=\"http:\/\/www.w3.org\/2000\/svg\"><path d=\"M493.4 24.6l-104-24c-11.3-2.6-22.9 3.3-27.5 13.9l-48 112c-4.2 9.8-1.4 21.3 6.9 28l60.6 49.6c-36 76.7-98.9 140.5-177.2 177.2l-49.6-60.6c-6.8-8.3-18.2-11.1-28-6.9l-112 48C3.9 366.5-2 378.1.6 389.4l24 104C27.1 504.2 36.7 512 48 512c256.1 0 464-207.5 464-464 0-11.2-7.7-20.9-18.6-23.4z\"><\/path><\/svg>\t\t\t\t\t\t<\/span>\n\t\t\t\t\t\t\t\t\t\t<span class=\"elementor-icon-list-text\">+3670\/609-6040<\/span>\n\t\t\t\t\t\t\t\t\t<\/li>\n\t\t\t\t\t\t\t\t<li class=\"elementor-icon-list-item elementor-inline-item\">\n\t\t\t\t\t\t\t\t\t\t\t<span class=\"elementor-icon-list-icon\">\n\t\t\t\t\t\t\t<svg aria-hidden=\"true\" class=\"e-font-icon-svg e-fas-envelope\" viewbox=\"0 0 512 512\" xmlns=\"http:\/\/www.w3.org\/2000\/svg\"><path d=\"M502.3 190.8c3.9-3.1 9.7-.2 9.7 4.7V400c0 26.5-21.5 48-48 48H48c-26.5 0-48-21.5-48-48V195.6c0-5 5.7-7.8 9.7-4.7 22.4 17.4 52.1 39.5 154.1 113.6 21.1 15.4 56.7 47.8 92.2 47.6 35.7.3 72-32.8 92.3-47.6 102-74.1 131.6-96.3 154-113.7zM256 320c23.2.4 56.6-29.2 73.4-41.4 132.7-96.3 142.8-104.7 173.4-128.7 5.8-4.5 9.2-11.5 9.2-18.9v-19c0-26.5-21.5-48-48-48H48C21.5 64 0 85.5 0 112v19c0 7.4 3.4 14.3 9.2 18.9 30.6 23.9 40.7 32.4 173.4 128.7 16.8 12.2 50.2 41.8 73.4 41.4z\"><\/path><\/svg>\t\t\t\t\t\t<\/span>\n\t\t\t\t\t\t\t\t\t\t<span class=\"elementor-icon-list-text\">drobinafit@gmail.com<\/span>\n\t\t\t\t\t\t\t\t\t<\/li>\n\t\t\t\t\t\t<\/ul>\n\t\t\t\t\t\t<\/div>\n\t\t\t\t<div class=\"elementor-element elementor-element-bdb9f60 elementor-icon-list--layout-inline elementor-align-center elementor-mobile-align-center elementor-list-item-link-full_width elementor-widget elementor-widget-icon-list\" data-id=\"bdb9f60\" data-element_type=\"widget\" data-e-type=\"widget\" data-widget_type=\"icon-list.default\">\n\t\t\t\t\t\t\t<ul class=\"elementor-icon-list-items elementor-inline-items\">\n\t\t\t\t\t\t\t<li class=\"elementor-icon-list-item elementor-inline-item\">\n\t\t\t\t\t\t\t\t\t\t\t<a href=\"https:\/\/www.facebook.com\/drobina.norbert\/\" target=\"_blank\">\n\n\t\t\t\t\t\t\t\t\t\t\t\t<span class=\"elementor-icon-list-icon\">\n\t\t\t\t\t\t\t<svg aria-hidden=\"true\" class=\"e-font-icon-svg e-fab-facebook-f\" viewbox=\"0 0 320 512\" xmlns=\"http:\/\/www.w3.org\/2000\/svg\"><path d=\"M279.14 288l14.22-92.66h-88.91v-60.13c0-25.35 12.42-50.06 52.24-50.06h40.42V6.26S260.43 0 225.36 0c-73.22 0-121.08 44.38-121.08 124.72v70.62H22.89V288h81.39v224h100.17V288z\"><\/path><\/svg>\t\t\t\t\t\t<\/span>\n\t\t\t\t\t\t\t\t\t\t<span class=\"elementor-icon-list-text\">@drobina.norbert<\/span>\n\t\t\t\t\t\t\t\t\t\t\t<\/a>\n\t\t\t\t\t\t\t\t\t<\/li>\n\t\t\t\t\t\t\t\t<li class=\"elementor-icon-list-item elementor-inline-item\">\n\t\t\t\t\t\t\t\t\t\t\t<a href=\"https:\/\/www.instagram.com\/drobinanorbert\" target=\"_blank\">\n\n\t\t\t\t\t\t\t\t\t\t\t\t<span class=\"elementor-icon-list-icon\">\n\t\t\t\t\t\t\t<svg aria-hidden=\"true\" class=\"e-font-icon-svg e-fab-instagram\" viewbox=\"0 0 448 512\" xmlns=\"http:\/\/www.w3.org\/2000\/svg\"><path d=\"M224.1 141c-63.6 0-114.9 51.3-114.9 114.9s51.3 114.9 114.9 114.9S339 319.5 339 255.9 287.7 141 224.1 141zm0 189.6c-41.1 0-74.7-33.5-74.7-74.7s33.5-74.7 74.7-74.7 74.7 33.5 74.7 74.7-33.6 74.7-74.7 74.7zm146.4-194.3c0 14.9-12 26.8-26.8 26.8-14.9 0-26.8-12-26.8-26.8s12-26.8 26.8-26.8 26.8 12 26.8 26.8zm76.1 27.2c-1.7-35.9-9.9-67.7-36.2-93.9-26.2-26.2-58-34.4-93.9-36.2-37-2.1-147.9-2.1-184.9 0-35.8 1.7-67.6 9.9-93.9 36.1s-34.4 58-36.2 93.9c-2.1 37-2.1 147.9 0 184.9 1.7 35.9 9.9 67.7 36.2 93.9s58 34.4 93.9 36.2c37 2.1 147.9 2.1 184.9 0 35.9-1.7 67.7-9.9 93.9-36.2 26.2-26.2 34.4-58 36.2-93.9 2.1-37 2.1-147.8 0-184.8zM398.8 388c-7.8 19.6-22.9 34.7-42.6 42.6-29.5 11.7-99.5 9-132.1 9s-102.7 2.6-132.1-9c-19.6-7.8-34.7-22.9-42.6-42.6-11.7-29.5-9-99.5-9-132.1s-2.6-102.7 9-132.1c7.8-19.6 22.9-34.7 42.6-42.6 29.5-11.7 99.5-9 132.1-9s102.7-2.6 132.1 9c19.6 7.8 34.7 22.9 42.6 42.6 11.7 29.5 9 99.5 9 132.1s2.7 102.7-9 132.1z\"><\/path><\/svg>\t\t\t\t\t\t<\/span>\n\t\t\t\t\t\t\t\t\t\t<span class=\"elementor-icon-list-text\">@drobinanorbert<\/span>\n\t\t\t\t\t\t\t\t\t\t\t<\/a>\n\t\t\t\t\t\t\t\t\t<\/li>\n\t\t\t\t\t\t<\/ul>\n\t\t\t\t\t\t<\/div>\n\t\t\t\t\t<\/div>\n\t\t\t\t<\/div>\n\t\t\t\t<\/div>","protected":false},"excerpt":{"rendered":"<p>SPORTMASSZ\u00c1ZS A sportmassz\u00e1zs olyan speci\u00e1lis massz\u00e1zsform\u00e1t jelent, amely a sportteljes\u00edtm\u00e9ny jav\u00edt\u00e1s\u00e1ra,az edz\u00e9sek \u00e9s versenyek el\u0151tti felk\u00e9sz\u00fcl\u00e9sre, valamint az edz\u00e9sek ut\u00e1ni regener\u00e1ci\u00f3ra \u00e9s rehabilit\u00e1ci\u00f3ra f\u00f3kusz\u00e1l.A sportmassz\u00e1zs \u00e1ltal\u00e1ban a sportol\u00f3k \u00e9s akt\u00edv emberek sz\u00e1m\u00e1ra k\u00e9sz\u00fclt, akik intenz\u00edv fizikai tev\u00e9kenys\u00e9get v\u00e9geznek.Sok mozdulat\u00e1ban hasonl\u00edt a sv\u00e9dmassz\u00e1zsra, azonban sokkal intenz\u00edvebb \u00e9s er\u0151teljesebb kezel\u00e9s. A sportmassz\u00e1zs el\u0151nyei a k\u00f6vetkez\u0151k: \u2022 Izomlaz\u00edt\u00e1s [&hellip;]<\/p>\n","protected":false},"author":1,"featured_media":2766,"parent":0,"menu_order":0,"comment_status":"closed","ping_status":"closed","template":"elementor_header_footer","meta":{"footnotes":""},"class_list":["post-3436","page","type-page","status-publish","has-post-thumbnail","hentry"],"yoast_head":"<!-- This site is optimized with the Yoast SEO Premium plugin v27.0 (Yoast SEO v27.2) - https:\/\/yoast.com\/product\/yoast-seo-premium-wordpress\/ -->\n<title>Sportmassz\u00e1zs -<\/title>\n<meta name=\"robots\" content=\"noindex, follow, max-snippet:-1, max-image-preview:large, max-video-preview:-1\" \/>\n<meta property=\"og:locale\" content=\"en_GB\" \/>\n<meta property=\"og:type\" content=\"article\" \/>\n<meta property=\"og:title\" content=\"Sportmassz\u00e1zs\" \/>\n<meta property=\"og:description\" content=\"SPORTMASSZ\u00c1ZS A sportmassz\u00e1zs olyan speci\u00e1lis massz\u00e1zsform\u00e1t jelent, amely a sportteljes\u00edtm\u00e9ny jav\u00edt\u00e1s\u00e1ra,az edz\u00e9sek \u00e9s versenyek el\u0151tti felk\u00e9sz\u00fcl\u00e9sre, valamint az edz\u00e9sek ut\u00e1ni regener\u00e1ci\u00f3ra \u00e9s rehabilit\u00e1ci\u00f3ra f\u00f3kusz\u00e1l.A sportmassz\u00e1zs \u00e1ltal\u00e1ban a sportol\u00f3k \u00e9s akt\u00edv emberek sz\u00e1m\u00e1ra k\u00e9sz\u00fclt, akik intenz\u00edv fizikai tev\u00e9kenys\u00e9get v\u00e9geznek.Sok mozdulat\u00e1ban hasonl\u00edt a sv\u00e9dmassz\u00e1zsra, azonban sokkal intenz\u00edvebb \u00e9s er\u0151teljesebb kezel\u00e9s. A sportmassz\u00e1zs el\u0151nyei a k\u00f6vetkez\u0151k: \u2022 Izomlaz\u00edt\u00e1s [&hellip;]\" \/>\n<meta property=\"og:url\" content=\"https:\/\/reklamvarazs.hu\/en\/kezelesek-sportmasszzs\/\" \/>\n<meta property=\"article:modified_time\" content=\"2026-03-27T16:10:47+00:00\" \/>\n<meta property=\"og:image\" content=\"https:\/\/reklamvarazs.hu\/wp-content\/uploads\/2026\/01\/44605-scaled.jpg\" \/>\n\t<meta property=\"og:image:width\" content=\"2560\" \/>\n\t<meta property=\"og:image:height\" content=\"1707\" \/>\n\t<meta property=\"og:image:type\" content=\"image\/jpeg\" \/>\n<meta name=\"twitter:card\" content=\"summary_large_image\" \/>\n<meta name=\"twitter:image\" content=\"https:\/\/reklamvarazs.hu\/wp-content\/uploads\/2026\/01\/6346346-scaled.jpg\" \/>\n<meta name=\"twitter:label1\" content=\"Estimated reading time\" \/>\n\t<meta name=\"twitter:data1\" content=\"2 minutes\" \/>\n<script type=\"application\/ld+json\" class=\"yoast-schema-graph\">{\"@context\":\"https:\/\/schema.org\",\"@graph\":[{\"@type\":\"WebPage\",\"@id\":\"https:\/\/reklamvarazs.hu\/kezelesek-sportmasszzs\/\",\"url\":\"https:\/\/reklamvarazs.hu\/kezelesek-sportmasszzs\/\",\"name\":\"Sportmassz\u00e1zs -\",\"isPartOf\":{\"@id\":\"https:\/\/reklamvarazs.hu\/#website\"},\"primaryImageOfPage\":{\"@id\":\"https:\/\/reklamvarazs.hu\/kezelesek-sportmasszzs\/#primaryimage\"},\"image\":{\"@id\":\"https:\/\/reklamvarazs.hu\/kezelesek-sportmasszzs\/#primaryimage\"},\"thumbnailUrl\":\"https:\/\/reklamvarazs.hu\/wp-content\/uploads\/2026\/02\/34705.png\",\"datePublished\":\"2026-02-22T18:53:00+00:00\",\"dateModified\":\"2026-03-27T16:10:47+00:00\",\"breadcrumb\":{\"@id\":\"https:\/\/reklamvarazs.hu\/kezelesek-sportmasszzs\/#breadcrumb\"},\"inLanguage\":\"en-GB\",\"potentialAction\":[{\"@type\":\"ReadAction\",\"target\":[\"https:\/\/reklamvarazs.hu\/kezelesek-sportmasszzs\/\"]}]},{\"@type\":\"ImageObject\",\"inLanguage\":\"en-GB\",\"@id\":\"https:\/\/reklamvarazs.hu\/kezelesek-sportmasszzs\/#primaryimage\",\"url\":\"https:\/\/reklamvarazs.hu\/wp-content\/uploads\/2026\/02\/34705.png\",\"contentUrl\":\"https:\/\/reklamvarazs.hu\/wp-content\/uploads\/2026\/02\/34705.png\",\"width\":1379,\"height\":746},{\"@type\":\"BreadcrumbList\",\"@id\":\"https:\/\/reklamvarazs.hu\/kezelesek-sportmasszzs\/#breadcrumb\",\"itemListElement\":[{\"@type\":\"ListItem\",\"position\":1,\"name\":\"Kezd\u0151lap\",\"item\":\"https:\/\/reklamvarazs.hu\/\"},{\"@type\":\"ListItem\",\"position\":2,\"name\":\"Sportmassz\u00e1zs\"}]},{\"@type\":\"WebSite\",\"@id\":\"https:\/\/reklamvarazs.hu\/#website\",\"url\":\"https:\/\/reklamvarazs.hu\/\",\"name\":\"\",\"description\":\"\",\"potentialAction\":[{\"@type\":\"SearchAction\",\"target\":{\"@type\":\"EntryPoint\",\"urlTemplate\":\"https:\/\/reklamvarazs.hu\/?s={search_term_string}\"},\"query-input\":{\"@type\":\"PropertyValueSpecification\",\"valueRequired\":true,\"valueName\":\"search_term_string\"}}],\"inLanguage\":\"en-GB\"}]}<\/script>\n<!-- \/ Yoast SEO Premium plugin. -->","yoast_head_json":{"title":"Sportmassz\u00e1zs -","robots":{"index":"noindex","follow":"follow","max-snippet":"max-snippet:-1","max-image-preview":"max-image-preview:large","max-video-preview":"max-video-preview:-1"},"og_locale":"en_GB","og_type":"article","og_title":"Sportmassz\u00e1zs","og_description":"SPORTMASSZ\u00c1ZS A sportmassz\u00e1zs olyan speci\u00e1lis massz\u00e1zsform\u00e1t jelent, amely a sportteljes\u00edtm\u00e9ny jav\u00edt\u00e1s\u00e1ra,az edz\u00e9sek \u00e9s versenyek el\u0151tti felk\u00e9sz\u00fcl\u00e9sre, valamint az edz\u00e9sek ut\u00e1ni regener\u00e1ci\u00f3ra \u00e9s rehabilit\u00e1ci\u00f3ra f\u00f3kusz\u00e1l.A sportmassz\u00e1zs \u00e1ltal\u00e1ban a sportol\u00f3k \u00e9s akt\u00edv emberek sz\u00e1m\u00e1ra k\u00e9sz\u00fclt, akik intenz\u00edv fizikai tev\u00e9kenys\u00e9get v\u00e9geznek.Sok mozdulat\u00e1ban hasonl\u00edt a sv\u00e9dmassz\u00e1zsra, azonban sokkal intenz\u00edvebb \u00e9s er\u0151teljesebb kezel\u00e9s. A sportmassz\u00e1zs el\u0151nyei a k\u00f6vetkez\u0151k: \u2022 Izomlaz\u00edt\u00e1s [&hellip;]","og_url":"https:\/\/reklamvarazs.hu\/en\/kezelesek-sportmasszzs\/","article_modified_time":"2026-03-27T16:10:47+00:00","og_image":[{"width":2560,"height":1707,"url":"https:\/\/reklamvarazs.hu\/wp-content\/uploads\/2026\/01\/44605-scaled.jpg","type":"image\/jpeg"}],"twitter_card":"summary_large_image","twitter_image":"https:\/\/reklamvarazs.hu\/wp-content\/uploads\/2026\/01\/6346346-scaled.jpg","twitter_misc":{"Estimated reading time":"2 minutes"},"schema":{"@context":"https:\/\/schema.org","@graph":[{"@type":"WebPage","@id":"https:\/\/reklamvarazs.hu\/kezelesek-sportmasszzs\/","url":"https:\/\/reklamvarazs.hu\/kezelesek-sportmasszzs\/","name":"Sportmassz\u00e1zs -","isPartOf":{"@id":"https:\/\/reklamvarazs.hu\/#website"},"primaryImageOfPage":{"@id":"https:\/\/reklamvarazs.hu\/kezelesek-sportmasszzs\/#primaryimage"},"image":{"@id":"https:\/\/reklamvarazs.hu\/kezelesek-sportmasszzs\/#primaryimage"},"thumbnailUrl":"https:\/\/reklamvarazs.hu\/wp-content\/uploads\/2026\/02\/34705.png","datePublished":"2026-02-22T18:53:00+00:00","dateModified":"2026-03-27T16:10:47+00:00","breadcrumb":{"@id":"https:\/\/reklamvarazs.hu\/kezelesek-sportmasszzs\/#breadcrumb"},"inLanguage":"en-GB","potentialAction":[{"@type":"ReadAction","target":["https:\/\/reklamvarazs.hu\/kezelesek-sportmasszzs\/"]}]},{"@type":"ImageObject","inLanguage":"en-GB","@id":"https:\/\/reklamvarazs.hu\/kezelesek-sportmasszzs\/#primaryimage","url":"https:\/\/reklamvarazs.hu\/wp-content\/uploads\/2026\/02\/34705.png","contentUrl":"https:\/\/reklamvarazs.hu\/wp-content\/uploads\/2026\/02\/34705.png","width":1379,"height":746},{"@type":"BreadcrumbList","@id":"https:\/\/reklamvarazs.hu\/kezelesek-sportmasszzs\/#breadcrumb","itemListElement":[{"@type":"ListItem","position":1,"name":"Kezd\u0151lap","item":"https:\/\/reklamvarazs.hu\/"},{"@type":"ListItem","position":2,"name":"Sportmassz\u00e1zs"}]},{"@type":"WebSite","@id":"https:\/\/reklamvarazs.hu\/#website","url":"https:\/\/reklamvarazs.hu\/","name":"","description":"","potentialAction":[{"@type":"SearchAction","target":{"@type":"EntryPoint","urlTemplate":"https:\/\/reklamvarazs.hu\/?s={search_term_string}"},"query-input":{"@type":"PropertyValueSpecification","valueRequired":true,"valueName":"search_term_string"}}],"inLanguage":"en-GB"}]}},"_links":{"self":[{"href":"https:\/\/reklamvarazs.hu\/en\/wp-json\/wp\/v2\/pages\/3436","targetHints":{"allow":["GET"]}}],"collection":[{"href":"https:\/\/reklamvarazs.hu\/en\/wp-json\/wp\/v2\/pages"}],"about":[{"href":"https:\/\/reklamvarazs.hu\/en\/wp-json\/wp\/v2\/types\/page"}],"author":[{"embeddable":true,"href":"https:\/\/reklamvarazs.hu\/en\/wp-json\/wp\/v2\/users\/1"}],"replies":[{"embeddable":true,"href":"https:\/\/reklamvarazs.hu\/en\/wp-json\/wp\/v2\/comments?post=3436"}],"version-history":[{"count":51,"href":"https:\/\/reklamvarazs.hu\/en\/wp-json\/wp\/v2\/pages\/3436\/revisions"}],"predecessor-version":[{"id":5376,"href":"https:\/\/reklamvarazs.hu\/en\/wp-json\/wp\/v2\/pages\/3436\/revisions\/5376"}],"wp:featuredmedia":[{"embeddable":true,"href":"https:\/\/reklamvarazs.hu\/en\/wp-json\/wp\/v2\/media\/2766"}],"wp:attachment":[{"href":"https:\/\/reklamvarazs.hu\/en\/wp-json\/wp\/v2\/media?parent=3436"}],"curies":[{"name":"wp","href":"https:\/\/api.w.org\/{rel}","templated":true}]}}